{"id":2834,"date":"2018-03-26T23:09:57","date_gmt":"2018-03-26T21:09:57","guid":{"rendered":"https:\/\/zaeune.ch\/?page_id=2834"},"modified":"2018-03-29T17:17:17","modified_gmt":"2018-03-29T15:17:17","slug":"unsere-firmengeschichte","status":"publish","type":"page","link":"https:\/\/zaeune.ch\/fr\/a-propos\/unsere-firmengeschichte\/","title":{"rendered":"Notre histoire"},"content":{"rendered":"<h2 class=\"wysiwyg__h2\">Histoire de notre entreprise<\/h2> <h2 class=\"wysiwyg__h2\">Nous sommes fiers de notre histoire d\u2019entreprise et nous allons mettre tout en \u0153uvre afin de continuer dans notre tradition Suisse. Nous sommes une des plus anciennes entreprises de m\u00e9tier dans le canton de Soleure et la plus ancienne fabrique de cl\u00f4ture en Suisse. Voici quelques \u00e9v\u00e9nements marquants de notre soci\u00e9t\u00e9\u00a0:<\/h2> <p class=\"wysiwyg__par\">1885 Ann\u00e9e de fondation de la maison par Wilhelm Wyss.<\/p> <p class=\"wysiwyg__par\">&nbsp;<\/p> <p class=\"wysiwyg__par\">1919 Achat d\u2019une premi\u00e8re machine de production.<\/p> <p class=\"wysiwyg__par\">&nbsp;<\/p> <p class=\"wysiwyg__par\">1926 Werner Wyss ach\u00e8te la premi\u00e8re d\u00e9cortiqueuse ce qui nous permet d\u2019\u00e9corcher le bois m\u00e9caniquement.<\/p> <p class=\"wysiwyg__par\">&nbsp;<\/p> <p class=\"wysiwyg__par\">1931 Achat de la premi\u00e8re voiture (SO 188). Cette plaque est toujours en service et utilis\u00e9e traditionnellement par le repr\u00e9sentant ain\u00e9.<\/p> <p class=\"wysiwyg__par\">&nbsp;<\/p> <p class=\"wysiwyg__par\">1932 La maison Wyss s\u2019\u00e9tend \u00e0 Berne et cr\u00e9e une premi\u00e8re succursale. Dans la m\u00eame ann\u00e9e le premier collaborateur au service interne est engag\u00e9.<\/p> <p class=\"wysiwyg__par\">&nbsp;<\/p> <p class=\"wysiwyg__par\">1939 En raison de la mobilisation, Werner Wyss doit suivre le service actif. C\u2019est son fils Armin Wyss, \u00e2g\u00e9 de 13 ans, qui le remplace. C\u2019est lui qui ex\u00e9cute les premiers versements aux miliciens inaptes.<\/p> <p class=\"wysiwyg__par\">&nbsp;<\/p> <p class=\"wysiwyg__par\">1942 Emm\u00e9nagement des nouveaux locaux \u00e0 l\u2019Unteren Sternengasse \u00e0 Soleure.<\/p> <p class=\"wysiwyg__par\">&nbsp;<\/p> <p class=\"wysiwyg__par\">1948 Armin Wyss rejoint l\u2019entreprise. Il d\u00e9veloppe des syst\u00e8mes de pare ballons.<\/p> <p class=\"wysiwyg__par\">&nbsp;<\/p> <p class=\"wysiwyg__par\">1955 Achat des terrains \u00e0 Lohn-Ammansegg.<\/p> <p class=\"wysiwyg__par\">&nbsp;<\/p> <p class=\"wysiwyg__par\">1965 Installation des premi\u00e8res cl\u00f4tures autorouti\u00e8res.<\/p> <p class=\"wysiwyg__par\">&nbsp;<\/p> <p class=\"wysiwyg__par\">1979 D\u00e9veloppement important dans le domaine des cl\u00f4tures de s\u00e9curit\u00e9. C\u2019est la base de notre bel succ\u00e8s dans le domaine des cl\u00f4tures de haute s\u00e9curit\u00e9.<\/p> <p class=\"wysiwyg__par\">&nbsp;<\/p> <p class=\"wysiwyg__par\">1980 Andreas Wyss rejoint l\u2019entreprise. Il assure la vente des cl\u00f4tures actives et il d\u00e9veloppe notre marque peristop\u00ae.<\/p> <p class=\"wysiwyg__par\">&nbsp;<\/p> <p class=\"wysiwyg__par\">1991 Abandon des locaux \u00e0 l\u2019Unteren Sternengasse \u00e0 Soleure. La production avait d\u00e9j\u00e0 d\u00e9m\u00e9nag\u00e9 \u00e0 Lohn-Ammansegg quelques ann\u00e9es auparavant. Avec les nouveaux b\u00e2timents pour la serrurerie et les bureaux, l\u2019entreprise se centralise et se donne des locaux modernes.<\/p> <p class=\"wysiwyg__par\">&nbsp;<\/p> <p class=\"wysiwyg__par\">1995 D\u00e9veloppement de notre paroi anti bruit en bois Lamesada\u00ae. Le paroi anti bruit est test\u00e9 par l\u2019EMPA et atteint des r\u00e9sultats tr\u00e8s bons.<\/p> <p class=\"wysiwyg__par\">&nbsp;<\/p> <p class=\"wysiwyg__par\">1996 Reprise de la soci\u00e9t\u00e9 Walder Z\u00e4une \u00e0 Dielsdorf (ZH). Le syst\u00e8me peristop\u00ae est install\u00e9 pour la premi\u00e8re fois avec succ\u00e8s dans des prisons Suisses.<\/p> <p class=\"wysiwyg__par\">&nbsp;<\/p> <p class=\"wysiwyg__par\">1998 Nouveaut\u00e9 dans notre gamme\u00a0: Portails autoportants. Reconnaissance importante de cette nouvelle tendance. C\u2019est la base de notre force dans le domaine des contr\u00f4les d\u2019acc\u00e8s. Aujourd\u2019hui nous proposons \u00e9galement des barri\u00e8res levantes, tourniquets et portails \u00e9lectriques.<\/p> <p class=\"wysiwyg__par\">&nbsp;<\/p> <p class=\"wysiwyg__par\">2000 Reprise de la soci\u00e9t\u00e9 RPS Technology \u00e0 Aarau se qui assure le d\u00e9veloppement sain de la cl\u00f4ture de haute s\u00e9curit\u00e9.<\/p> <p class=\"wysiwyg__par\">&nbsp;<\/p> <p class=\"wysiwyg__par\">2006 Emm\u00e9nagement d\u2019une nouvelle serrurerie ainsi qu\u2019une halle de production pour les produits peristop\u00ae.<\/p> <p class=\"wysiwyg__par\">&nbsp;<\/p> <p class=\"wysiwyg__par\">2007 Pepe Wyss rejoint l\u2019entreprise.<\/p> <p class=\"wysiwyg__par\">&nbsp;<\/p> <p class=\"wysiwyg__par\">2008 D\u00e9veloppement et introduction du capteur tubulaire peristop\u00ae.<\/p> <p class=\"wysiwyg__par\">&nbsp;<\/p> <p class=\"wysiwyg__par\">2013 Philipp Wyss rejoint l\u2019entreprise.<\/p> <p class=\"wysiwyg__par\">&nbsp;<\/p> <p class=\"wysiwyg__par\">2016 Andreas Wyss remet la soci\u00e9t\u00e9 \u00e0 ses deux fils Pepe et Philippe.<\/p> <p class=\"wysiwyg__par\">&nbsp;<\/p>","protected":false},"excerpt":{"rendered":"<p>Histoire de notre entreprise Nous sommes fiers de notre histoire d\u2019entreprise et nous allons mettre tout en \u0153uvre afin de continuer dans notre tradition Suisse. Nous sommes une des plus &#8230;<\/p>\n","protected":false},"author":2,"featured_media":0,"parent":2019,"menu_order":3,"comment_status":"closed","ping_status":"closed","template":"templates\/detail.php","meta":{"_acf_changed":false,"footnotes":""},"class_list":["post-2834","page","type-page","status-publish","hentry"],"acf":[],"_links":{"self":[{"href":"https:\/\/zaeune.ch\/fr\/wp-json\/wp\/v2\/pages\/2834","targetHints":{"allow":["GET"]}}],"collection":[{"href":"https:\/\/zaeune.ch\/fr\/wp-json\/wp\/v2\/pages"}],"about":[{"href":"https:\/\/zaeune.ch\/fr\/wp-json\/wp\/v2\/types\/page"}],"author":[{"embeddable":true,"href":"https:\/\/zaeune.ch\/fr\/wp-json\/wp\/v2\/users\/2"}],"replies":[{"embeddable":true,"href":"https:\/\/zaeune.ch\/fr\/wp-json\/wp\/v2\/comments?post=2834"}],"version-history":[{"count":12,"href":"https:\/\/zaeune.ch\/fr\/wp-json\/wp\/v2\/pages\/2834\/revisions"}],"predecessor-version":[{"id":2898,"href":"https:\/\/zaeune.ch\/fr\/wp-json\/wp\/v2\/pages\/2834\/revisions\/2898"}],"up":[{"embeddable":true,"href":"https:\/\/zaeune.ch\/fr\/wp-json\/wp\/v2\/pages\/2019"}],"wp:attachment":[{"href":"https:\/\/zaeune.ch\/fr\/wp-json\/wp\/v2\/media?parent=2834"}],"curies":[{"name":"wp","href":"https:\/\/api.w.org\/{rel}","templated":true}]}}