{"id":2810,"date":"2018-03-26T15:56:03","date_gmt":"2018-03-26T13:56:03","guid":{"rendered":"https:\/\/zaeune.ch\/?page_id=2810"},"modified":"2018-03-27T14:45:20","modified_gmt":"2018-03-27T12:45:20","slug":"impraegnierung","status":"publish","type":"page","link":"https:\/\/zaeune.ch\/fr\/services\/impraegnierung\/","title":{"rendered":"Impr\u00e4gnierung"},"content":{"rendered":"<h2 class=\"wysiwyg__h2\">Impr\u00e4gnieren von angeliefertem Holz<\/h2> <p class=\"wysiwyg__par\">&nbsp;<\/p> <p class=\"wysiwyg__par\">Wir bieten Ihnen und insbesondere dem regionalen Holzgewerbe eine professionelle Kesseldruckimpr\u00e4gnierung\u00a0an.\u00a0Wir verwenden eine Impralit KDS-L\u00f6sung (<a class=\"wysiwyg__link\" href=\"https:\/\/zaeune.ch\/app\/uploads\/2017\/11\/Impralit-KDS_technisches-Merkblatt.pdf\">technisches Merkblatt<\/a>)\u00a0mit rehbrauner Farbzugabe.<\/p> <p class=\"wysiwyg__par\">Die maximale Gr\u00f6sse von Holzpaketen die unsere Kesseldruckimpr\u00e4gnierung aufnehmen kann, betr\u00e4gt 610 cm (L\u00e4nge) x 100 cm (Breite) x 120 cm (H\u00f6he). Um die Langlebigkeit unserer Impr\u00e4gnieranlage\u00a0sowie die interessanten Preise zu gew\u00e4hrleisten, bitten wir um\u00a0saubere Ware, d.h. frei von S\u00e4gemehl und losen Holzsplittern. Weiter sollten die angelieferten H\u00f6lzer trocken, geknebelt und\u00a0frei von Leim sein.<\/p> <p class=\"wysiwyg__par\">&nbsp;<\/p> <p class=\"wysiwyg__par\">Aktuell bieten wir Ihnen das impr\u00e4gnieren von angeliefertem Material zu folgenden Preisen (exkl. MWST)\u00a0an:<\/p> <p class=\"wysiwyg__par\">&nbsp;<\/p> <table class=\"wysiwyg__table\"> <tbody> <tr class=\"wysiwyg__table-row\"> <td class=\"wysiwyg__table-cell\"><strong class=\"wysiwyg__strong\">MENGE<\/strong><\/td> <td class=\"wysiwyg__table-cell\"><strong class=\"wysiwyg__strong\">PREIS PER QUBIKMETER (EXKL. MWST)<\/strong><\/td> <\/tr> <tr class=\"wysiwyg__table-row\"> <td class=\"wysiwyg__table-cell\">&gt;= 3.00 m3<\/td> <td class=\"wysiwyg__table-cell\">255.-<\/td> <\/tr> <tr class=\"wysiwyg__table-row\"> <td class=\"wysiwyg__table-cell\">1.00 \u2013 2.99 m3<\/td> <td class=\"wysiwyg__table-cell\">268.-<\/td> <\/tr> <tr class=\"wysiwyg__table-row\"> <td class=\"wysiwyg__table-cell\">0.80 \u2013 0.99 m3<\/td> <td class=\"wysiwyg__table-cell\">295.-<\/td> <\/tr> <tr class=\"wysiwyg__table-row\"> <td class=\"wysiwyg__table-cell\">0.60 \u2013 0.79 m3<\/td> <td class=\"wysiwyg__table-cell\">348.-<\/td> <\/tr> <tr class=\"wysiwyg__table-row\"> <td class=\"wysiwyg__table-cell\">0.40 \u2013 0.59 m3<\/td> <td class=\"wysiwyg__table-cell\">429<\/td> <\/tr> <tr class=\"wysiwyg__table-row\"> <td class=\"wysiwyg__table-cell\">0.20 \u2013 0.39 m3<\/td> <td class=\"wysiwyg__table-cell\">482<\/td> <\/tr> <tr class=\"wysiwyg__table-row\"> <td class=\"wysiwyg__table-cell\">&lt;= 0.19 m3<\/td> <td class=\"wysiwyg__table-cell\">536<\/td> <\/tr> <\/tbody> <\/table> <p class=\"wysiwyg__par\">Zus\u00e4tzliche Arbeiten wie Kubatur berechnen, Anlieferung von\u00a0Holzsp\u00e4nen reinigen, Holzstapel infolge Instabilit\u00e4t neu b\u00fcndeln, etc.,\u00a0werden nach dem aktuellen Stundensatz berechnet (aktuell 85.-\/h exkl. MWST).<\/p>","protected":false},"excerpt":{"rendered":"<p>Impr\u00e4gnieren von angeliefertem Holz &nbsp; Wir bieten Ihnen und insbesondere dem regionalen Holzgewerbe eine professionelle Kesseldruckimpr\u00e4gnierung\u00a0an.\u00a0Wir verwenden eine Impralit KDS-L\u00f6sung (technisches Merkblatt)\u00a0mit rehbrauner Farbzugabe. Die maximale Gr\u00f6sse von Holzpaketen die &#8230;<\/p>\n","protected":false},"author":2,"featured_media":5736,"parent":2015,"menu_order":5,"comment_status":"closed","ping_status":"closed","template":"templates\/detail.php","meta":{"_acf_changed":false,"footnotes":""},"class_list":["post-2810","page","type-page","status-publish","has-post-thumbnail","hentry"],"acf":[],"_links":{"self":[{"href":"https:\/\/zaeune.ch\/fr\/wp-json\/wp\/v2\/pages\/2810","targetHints":{"allow":["GET"]}}],"collection":[{"href":"https:\/\/zaeune.ch\/fr\/wp-json\/wp\/v2\/pages"}],"about":[{"href":"https:\/\/zaeune.ch\/fr\/wp-json\/wp\/v2\/types\/page"}],"author":[{"embeddable":true,"href":"https:\/\/zaeune.ch\/fr\/wp-json\/wp\/v2\/users\/2"}],"replies":[{"embeddable":true,"href":"https:\/\/zaeune.ch\/fr\/wp-json\/wp\/v2\/comments?post=2810"}],"version-history":[{"count":5,"href":"https:\/\/zaeune.ch\/fr\/wp-json\/wp\/v2\/pages\/2810\/revisions"}],"predecessor-version":[{"id":2820,"href":"https:\/\/zaeune.ch\/fr\/wp-json\/wp\/v2\/pages\/2810\/revisions\/2820"}],"up":[{"embeddable":true,"href":"https:\/\/zaeune.ch\/fr\/wp-json\/wp\/v2\/pages\/2015"}],"wp:featuredmedia":[{"embeddable":true,"href":"https:\/\/zaeune.ch\/fr\/wp-json\/wp\/v2\/media\/5736"}],"wp:attachment":[{"href":"https:\/\/zaeune.ch\/fr\/wp-json\/wp\/v2\/media?parent=2810"}],"curies":[{"name":"wp","href":"https:\/\/api.w.org\/{rel}","templated":true}]}}