{"id":2802,"date":"2018-03-26T15:40:39","date_gmt":"2018-03-26T13:40:39","guid":{"rendered":"https:\/\/zaeune.ch\/?page_id=2802"},"modified":"2018-03-26T16:15:46","modified_gmt":"2018-03-26T14:15:46","slug":"service-und-wartung","status":"publish","type":"page","link":"https:\/\/zaeune.ch\/fr\/services\/service-und-wartung\/","title":{"rendered":"Service und Wartung"},"content":{"rendered":"<h2 class=\"wysiwyg__h2\">Service und Wartung von elektrischen Toren<\/h2> <p class=\"wysiwyg__par\">Als <a href=\"https:\/\/zaeune.ch\/ueber-uns\/wir-sind-zertifiziert\/\" class=\"wysiwyg__link\">zertifizierter Fachbetrieb<\/a>\u00a0bieten wir Ihnen einen vollumf\u00e4nglichen Service f\u00fcr Ihre Toranlagen. Unser Service beinhaltet die fachm\u00e4nnische Beratung, eine detaillierte Planung, eine professionelle Montage und eine nachhaltige technische Betreuung Ihrer Toranlage. Neben der obligatorischen Sicherheitspr\u00fcfung bieten wir Ihnen einen ausf\u00fchrlicheren Wartungsvertrag an.\u00a0Bitte kontaktieren Sie uns f\u00fcr eine individuelle Offerte.<\/p> <p class=\"wysiwyg__par\">&nbsp;<\/p>","protected":false},"excerpt":{"rendered":"<p>Service und Wartung von elektrischen Toren Als zertifizierter Fachbetrieb\u00a0bieten wir Ihnen einen vollumf\u00e4nglichen Service f\u00fcr Ihre Toranlagen. Unser Service beinhaltet die fachm\u00e4nnische Beratung, eine detaillierte Planung, eine professionelle Montage und &#8230;<\/p>\n","protected":false},"author":2,"featured_media":2791,"parent":2015,"menu_order":3,"comment_status":"closed","ping_status":"closed","template":"templates\/detail.php","meta":{"_acf_changed":false,"footnotes":""},"class_list":["post-2802","page","type-page","status-publish","has-post-thumbnail","hentry"],"acf":[],"_links":{"self":[{"href":"https:\/\/zaeune.ch\/fr\/wp-json\/wp\/v2\/pages\/2802","targetHints":{"allow":["GET"]}}],"collection":[{"href":"https:\/\/zaeune.ch\/fr\/wp-json\/wp\/v2\/pages"}],"about":[{"href":"https:\/\/zaeune.ch\/fr\/wp-json\/wp\/v2\/types\/page"}],"author":[{"embeddable":true,"href":"https:\/\/zaeune.ch\/fr\/wp-json\/wp\/v2\/users\/2"}],"replies":[{"embeddable":true,"href":"https:\/\/zaeune.ch\/fr\/wp-json\/wp\/v2\/comments?post=2802"}],"version-history":[{"count":3,"href":"https:\/\/zaeune.ch\/fr\/wp-json\/wp\/v2\/pages\/2802\/revisions"}],"predecessor-version":[{"id":2823,"href":"https:\/\/zaeune.ch\/fr\/wp-json\/wp\/v2\/pages\/2802\/revisions\/2823"}],"up":[{"embeddable":true,"href":"https:\/\/zaeune.ch\/fr\/wp-json\/wp\/v2\/pages\/2015"}],"wp:featuredmedia":[{"embeddable":true,"href":"https:\/\/zaeune.ch\/fr\/wp-json\/wp\/v2\/media\/2791"}],"wp:attachment":[{"href":"https:\/\/zaeune.ch\/fr\/wp-json\/wp\/v2\/media?parent=2802"}],"curies":[{"name":"wp","href":"https:\/\/api.w.org\/{rel}","templated":true}]}}