{"id":2196,"date":"2017-09-22T15:12:57","date_gmt":"2017-09-22T13:12:57","guid":{"rendered":"https:\/\/zaeune.ch\/?page_id=2196"},"modified":"2018-02-09T18:35:26","modified_gmt":"2018-02-09T16:35:26","slug":"hochsicherheit","status":"publish","type":"page","link":"https:\/\/zaeune.ch\/fr\/produits\/securite\/hochsicherheit\/","title":{"rendered":"Haute s\u00e9curit\u00e9"},"content":{"rendered":"<h2 class=\"wysiwyg__h2\">Depuis plus de 30 ans nous sommes leader du march\u00e9 de la cl\u00f4ture de haute s\u00e9curit\u00e9. Etablissements p\u00e9nitentiaires, centres de d\u00e9tention et industries sensibles, mais \u00e9galement des cliniques judiciaires et psychiatriques font parties de notre client\u00e8le fid\u00e8le.<\/h2>","protected":false},"excerpt":{"rendered":"<p>Depuis plus de 30 ans nous sommes leader du march\u00e9 de la cl\u00f4ture de haute s\u00e9curit\u00e9. Etablissements p\u00e9nitentiaires, centres de d\u00e9tention et industries sensibles, mais \u00e9galement des cliniques judiciaires et &#8230;<\/p>\n","protected":false},"author":1,"featured_media":0,"parent":2064,"menu_order":0,"comment_status":"open","ping_status":"open","template":"templates\/detail.php","meta":{"_acf_changed":false,"footnotes":""},"class_list":["post-2196","page","type-page","status-publish","hentry"],"acf":[],"_links":{"self":[{"href":"https:\/\/zaeune.ch\/fr\/wp-json\/wp\/v2\/pages\/2196","targetHints":{"allow":["GET"]}}],"collection":[{"href":"https:\/\/zaeune.ch\/fr\/wp-json\/wp\/v2\/pages"}],"about":[{"href":"https:\/\/zaeune.ch\/fr\/wp-json\/wp\/v2\/types\/page"}],"author":[{"embeddable":true,"href":"https:\/\/zaeune.ch\/fr\/wp-json\/wp\/v2\/users\/1"}],"replies":[{"embeddable":true,"href":"https:\/\/zaeune.ch\/fr\/wp-json\/wp\/v2\/comments?post=2196"}],"version-history":[{"count":7,"href":"https:\/\/zaeune.ch\/fr\/wp-json\/wp\/v2\/pages\/2196\/revisions"}],"predecessor-version":[{"id":2558,"href":"https:\/\/zaeune.ch\/fr\/wp-json\/wp\/v2\/pages\/2196\/revisions\/2558"}],"up":[{"embeddable":true,"href":"https:\/\/zaeune.ch\/fr\/wp-json\/wp\/v2\/pages\/2064"}],"wp:attachment":[{"href":"https:\/\/zaeune.ch\/fr\/wp-json\/wp\/v2\/media?parent=2196"}],"curies":[{"name":"wp","href":"https:\/\/api.w.org\/{rel}","templated":true}]}}