{"id":2100,"date":"2017-09-22T11:13:23","date_gmt":"2017-09-22T09:13:23","guid":{"rendered":"https:\/\/zaeune.ch\/?page_id=2100"},"modified":"2017-09-22T16:45:03","modified_gmt":"2017-09-22T14:45:03","slug":"apprentissage","status":"publish","type":"page","link":"https:\/\/zaeune.ch\/fr\/a-propos\/apprentissage\/","title":{"rendered":"Apprentissage"},"content":{"rendered":"<h2 class=\"wysiwyg__h2\">Jungen Menschen eine Berufsausbildung zu erm\u00f6glichen ist f\u00fcr uns sehr wichtig.<\/h2> <p class=\"wysiwyg__par\">Aktuell bieten wir jungen handwerklich geschickten Menschen einen Ausbildungsplatz in Lohn-Ammannsegg zum EBA Holzbearbeiter. Die Ausbildung dauert zwei Jahre und erfolgt bei uns in Lohn-Ammannsegg. Einmal w\u00f6chentlich besucht der Auszubildende die Berufsschule. Die Ausbildung startet jeweils im August. Bei Interesse freuen wir uns auf Ihre Bewerbung an info@zaeune.ch oder per Post an Wyss Z\u00e4une AG in Lohn-Ammannsegg.<br \/> Neben der klassischen Lehre bilden wir unsere Jungmonteure in einem internen Programm zum Zaunmonteur aus. Dadurch k\u00f6nnen wir den Fachkr\u00e4ftemangel reduzieren sowie den Nachwuchsmonteuren die typische Wyss Z\u00e4une Qualit\u00e4t vermitteln. Dieses Ausbildungsprogramm durchl\u00e4uft jeder neue Jungmonteur. Sollten wir Ihr Interesse geweckt haben freuen wir uns \u00fcber Ihr Bewerbungsdossier.<\/p> <p class=\"wysiwyg__par\">&nbsp;<\/p> <p class=\"wysiwyg__par\">&nbsp;<\/p> <p class=\"wysiwyg__par\"><a href=\"http:\/\/zaeune.ch\/app\/uploads\/2015\/09\/wir_bilden_aus1.jpg\" class=\"wysiwyg__link\"><img loading=\"lazy\" decoding=\"async\" class=\"wysiwyg__image\" src=\"http:\/\/zaeune.ch\/app\/uploads\/2015\/09\/wir_bilden_aus1.jpg\" alt=\"wir_bilden_aus\" width=\"250\" height=\"250\" \/><\/a><\/p>","protected":false},"excerpt":{"rendered":"<p>Jungen Menschen eine Berufsausbildung zu erm\u00f6glichen ist f\u00fcr uns sehr wichtig. Aktuell bieten wir jungen handwerklich geschickten Menschen einen Ausbildungsplatz in Lohn-Ammannsegg zum EBA Holzbearbeiter. Die Ausbildung dauert zwei Jahre &#8230;<\/p>\n","protected":false},"author":1,"featured_media":0,"parent":2019,"menu_order":7,"comment_status":"closed","ping_status":"closed","template":"templates\/detail.php","meta":{"_acf_changed":false,"footnotes":""},"class_list":["post-2100","page","type-page","status-publish","hentry"],"acf":[],"_links":{"self":[{"href":"https:\/\/zaeune.ch\/fr\/wp-json\/wp\/v2\/pages\/2100","targetHints":{"allow":["GET"]}}],"collection":[{"href":"https:\/\/zaeune.ch\/fr\/wp-json\/wp\/v2\/pages"}],"about":[{"href":"https:\/\/zaeune.ch\/fr\/wp-json\/wp\/v2\/types\/page"}],"author":[{"embeddable":true,"href":"https:\/\/zaeune.ch\/fr\/wp-json\/wp\/v2\/users\/1"}],"replies":[{"embeddable":true,"href":"https:\/\/zaeune.ch\/fr\/wp-json\/wp\/v2\/comments?post=2100"}],"version-history":[{"count":2,"href":"https:\/\/zaeune.ch\/fr\/wp-json\/wp\/v2\/pages\/2100\/revisions"}],"predecessor-version":[{"id":2225,"href":"https:\/\/zaeune.ch\/fr\/wp-json\/wp\/v2\/pages\/2100\/revisions\/2225"}],"up":[{"embeddable":true,"href":"https:\/\/zaeune.ch\/fr\/wp-json\/wp\/v2\/pages\/2019"}],"wp:attachment":[{"href":"https:\/\/zaeune.ch\/fr\/wp-json\/wp\/v2\/media?parent=2100"}],"curies":[{"name":"wp","href":"https:\/\/api.w.org\/{rel}","templated":true}]}}