{"id":2090,"date":"2017-09-22T11:09:23","date_gmt":"2017-09-22T09:09:23","guid":{"rendered":"https:\/\/zaeune.ch\/?page_id=2090"},"modified":"2018-03-29T17:37:05","modified_gmt":"2018-03-29T15:37:05","slug":"creation-dune-cloture","status":"publish","type":"page","link":"https:\/\/zaeune.ch\/fr\/a-propos\/creation-dune-cloture\/","title":{"rendered":"Cr\u00e9ation d&rsquo;une cl\u00f4ture"},"content":{"rendered":"<h2 class=\"wysiwyg__h2\">Cr\u00e9ation d\u2019une cl\u00f4ture<\/h2> <p class=\"wysiwyg__par\">Nous avons le plaisir de vous pr\u00e9senter quelques \u00e9l\u00e9ments de notre production. En fait nous fabriquons dans nos ateliers \u00e0 Lohn-Ammansegg (SO) des \u00e9l\u00e9ments de cl\u00f4ture en bois, des poteaux en bois et m\u00e9talliques, des portails, de m\u00eame que de brise vue et des parois anti-bruit. D\u00e9couvrez notre fabrication par ces films.<\/p>","protected":false},"excerpt":{"rendered":"<p>Cr\u00e9ation d\u2019une cl\u00f4ture Nous avons le plaisir de vous pr\u00e9senter quelques \u00e9l\u00e9ments de notre production. En fait nous fabriquons dans nos ateliers \u00e0 Lohn-Ammansegg (SO) des \u00e9l\u00e9ments de cl\u00f4ture en &#8230;<\/p>\n","protected":false},"author":1,"featured_media":0,"parent":2019,"menu_order":4,"comment_status":"closed","ping_status":"closed","template":"templates\/video.php","meta":{"_acf_changed":false,"footnotes":""},"class_list":["post-2090","page","type-page","status-publish","hentry"],"acf":[],"_links":{"self":[{"href":"https:\/\/zaeune.ch\/fr\/wp-json\/wp\/v2\/pages\/2090","targetHints":{"allow":["GET"]}}],"collection":[{"href":"https:\/\/zaeune.ch\/fr\/wp-json\/wp\/v2\/pages"}],"about":[{"href":"https:\/\/zaeune.ch\/fr\/wp-json\/wp\/v2\/types\/page"}],"author":[{"embeddable":true,"href":"https:\/\/zaeune.ch\/fr\/wp-json\/wp\/v2\/users\/1"}],"replies":[{"embeddable":true,"href":"https:\/\/zaeune.ch\/fr\/wp-json\/wp\/v2\/comments?post=2090"}],"version-history":[{"count":5,"href":"https:\/\/zaeune.ch\/fr\/wp-json\/wp\/v2\/pages\/2090\/revisions"}],"predecessor-version":[{"id":2900,"href":"https:\/\/zaeune.ch\/fr\/wp-json\/wp\/v2\/pages\/2090\/revisions\/2900"}],"up":[{"embeddable":true,"href":"https:\/\/zaeune.ch\/fr\/wp-json\/wp\/v2\/pages\/2019"}],"wp:attachment":[{"href":"https:\/\/zaeune.ch\/fr\/wp-json\/wp\/v2\/media?parent=2090"}],"curies":[{"name":"wp","href":"https:\/\/api.w.org\/{rel}","templated":true}]}}