{"id":2088,"date":"2017-09-22T11:08:45","date_gmt":"2017-09-22T09:08:45","guid":{"rendered":"https:\/\/zaeune.ch\/?page_id=2088"},"modified":"2018-03-29T16:02:39","modified_gmt":"2018-03-29T14:02:39","slug":"notre-entreprise","status":"publish","type":"page","link":"https:\/\/zaeune.ch\/fr\/a-propos\/notre-entreprise\/","title":{"rendered":"Notre entreprise"},"content":{"rendered":"<h2 class=\"wysiwyg__h2\">D\u00e8s sa cr\u00e9ation en 1885, la maison Wyss a toujours mis l\u2019accent sur un conseil personnel, une fabrication d\u2019une qualit\u00e9 sup\u00e9rieure et une finition des \u0153uvres dans les r\u00e8gles de l\u2019art.<\/h2> <p class=\"wysiwyg__par\">C\u2019est dans notre usine de Lohn-Ammansegg pr\u00e8s de Soleure que nous fabriquons nos cl\u00f4tures en BOIS, METAL ou COMPOSITE. Nous proposons \u00e9galement des cl\u00f4tures en grillage diagonal (simple torsion &#8211; fabriqu\u00e9 en Suisse), ainsi que des cl\u00f4tures en grilles rigides pour les priv\u00e9s, les industries, espaces publiques et services p\u00e9nitenciers.<\/p> <p class=\"wysiwyg__par\">Nous avons une large gamme d\u2019\u00e9l\u00e9ments de contr\u00f4le d\u2019acc\u00e8s. Nous fabriquons des PORTAILS adapt\u00e9s aux types de cl\u00f4ture. Selon votre choix, nous offrons des portails PIVOTANTS, COULISSANTS, PLIABLES ou AUTOPORTANTS. Si vous le souhaitez, nous pouvons \u00e9galement vous fournir une motorisation pour ces portes. En compl\u00e9ment de nos cl\u00f4tures, nous proposons des PAROIS BRISE VUE ou ANTI BRUIT en bois ou composite.<\/p> <p class=\"wysiwyg__par\">Dans les ann\u00e9es 1980, notre entreprise a d\u00e9velopp\u00e9 des syst\u00e8mes de d\u00e9tection active pour des cl\u00f4tures m\u00e9caniques. Ce savoir-faire nous a permis de devenir leader dans les cl\u00f4tures pour prisons, \u00e9tablissements p\u00e9nitenciers ou d\u2019autres sites sensibles.<\/p> <p class=\"wysiwyg__par\">La maison Wyss Z\u00e4une AG a \u00e9t\u00e9 fond\u00e9e en 1885. Avec plus de 130 ans d\u2019existence nous sommes une des plus anciennes entreprises dans le canton de Soleure. Depuis le d\u00e9veloppement dans les cl\u00f4tures actives, la maison Wyss Z\u00e4une AG a atteint une importance nationale. C\u2019est toujours une entreprise familiale, dirig\u00e9e en 5<sup>\u00e8me<\/sup> g\u00e9n\u00e9ration pour Pepe et Philippe Wyss. Nos mat\u00e9riaux sont vendus dans toute la Suisse, en grande partie pos\u00e9s par nos \u00e9quipes sp\u00e9cialis\u00e9es. Notre succursale Walder Z\u00e4une AG \u00e0 Dielsdorf (ZH) et principalement active dans la r\u00e9gion Zurichoise.<\/p> <p class=\"wysiwyg__par\">&nbsp;<\/p>","protected":false},"excerpt":{"rendered":"<p>D\u00e8s sa cr\u00e9ation en 1885, la maison Wyss a toujours mis l\u2019accent sur un conseil personnel, une fabrication d\u2019une qualit\u00e9 sup\u00e9rieure et une finition des \u0153uvres dans les r\u00e8gles de &#8230;<\/p>\n","protected":false},"author":1,"featured_media":4991,"parent":2019,"menu_order":1,"comment_status":"open","ping_status":"open","template":"templates\/detail.php","meta":{"_acf_changed":false,"footnotes":""},"class_list":["post-2088","page","type-page","status-publish","has-post-thumbnail","hentry"],"acf":[],"_links":{"self":[{"href":"https:\/\/zaeune.ch\/fr\/wp-json\/wp\/v2\/pages\/2088","targetHints":{"allow":["GET"]}}],"collection":[{"href":"https:\/\/zaeune.ch\/fr\/wp-json\/wp\/v2\/pages"}],"about":[{"href":"https:\/\/zaeune.ch\/fr\/wp-json\/wp\/v2\/types\/page"}],"author":[{"embeddable":true,"href":"https:\/\/zaeune.ch\/fr\/wp-json\/wp\/v2\/users\/1"}],"replies":[{"embeddable":true,"href":"https:\/\/zaeune.ch\/fr\/wp-json\/wp\/v2\/comments?post=2088"}],"version-history":[{"count":5,"href":"https:\/\/zaeune.ch\/fr\/wp-json\/wp\/v2\/pages\/2088\/revisions"}],"predecessor-version":[{"id":2893,"href":"https:\/\/zaeune.ch\/fr\/wp-json\/wp\/v2\/pages\/2088\/revisions\/2893"}],"up":[{"embeddable":true,"href":"https:\/\/zaeune.ch\/fr\/wp-json\/wp\/v2\/pages\/2019"}],"wp:featuredmedia":[{"embeddable":true,"href":"https:\/\/zaeune.ch\/fr\/wp-json\/wp\/v2\/media\/4991"}],"wp:attachment":[{"href":"https:\/\/zaeune.ch\/fr\/wp-json\/wp\/v2\/media?parent=2088"}],"curies":[{"name":"wp","href":"https:\/\/api.w.org\/{rel}","templated":true}]}}