{"id":2073,"date":"2017-09-22T11:02:17","date_gmt":"2017-09-22T09:02:17","guid":{"rendered":"https:\/\/zaeune.ch\/?page_id=2073"},"modified":"2018-03-23T10:25:34","modified_gmt":"2018-03-23T08:25:34","slug":"controle-dacces","status":"publish","type":"page","link":"https:\/\/zaeune.ch\/fr\/produits\/controle-dacces\/","title":{"rendered":"Contr\u00f4le d&rsquo;acc\u00e8s"},"content":{"rendered":"<h2 class=\"wysiwyg__h2\">Nous vous proposons une multitude de portes et portails adapt\u00e9s \u00e0 votre cl\u00f4ture. La plupart de ces produits sont fabriqu\u00e9s dans nos locaux \u00e0 Lohn-Ammansegg. Pour les \u00e9l\u00e9ments de revente, nous vous proposons \u00e9galement des produits d\u2019une qualit\u00e9 irr\u00e9prochable. Ces articles proviennent de partenaires, avec lesquelles nous entretenons une longue collaboration. Les motorisations sont pos\u00e9es par nos techniciens qui assurent \u00e9galement le service apr\u00e8s-vente et la maintenance.<\/h2>","protected":false},"excerpt":{"rendered":"<p>Nous vous proposons une multitude de portes et portails adapt\u00e9s \u00e0 votre cl\u00f4ture. La plupart de ces produits sont fabriqu\u00e9s dans nos locaux \u00e0 Lohn-Ammansegg. Pour les \u00e9l\u00e9ments de revente, &#8230;<\/p>\n","protected":false},"author":1,"featured_media":0,"parent":2017,"menu_order":9,"comment_status":"open","ping_status":"closed","template":"templates\/detail.php","meta":{"_acf_changed":false,"footnotes":""},"class_list":["post-2073","page","type-page","status-publish","hentry"],"acf":[],"_links":{"self":[{"href":"https:\/\/zaeune.ch\/fr\/wp-json\/wp\/v2\/pages\/2073","targetHints":{"allow":["GET"]}}],"collection":[{"href":"https:\/\/zaeune.ch\/fr\/wp-json\/wp\/v2\/pages"}],"about":[{"href":"https:\/\/zaeune.ch\/fr\/wp-json\/wp\/v2\/types\/page"}],"author":[{"embeddable":true,"href":"https:\/\/zaeune.ch\/fr\/wp-json\/wp\/v2\/users\/1"}],"replies":[{"embeddable":true,"href":"https:\/\/zaeune.ch\/fr\/wp-json\/wp\/v2\/comments?post=2073"}],"version-history":[{"count":18,"href":"https:\/\/zaeune.ch\/fr\/wp-json\/wp\/v2\/pages\/2073\/revisions"}],"predecessor-version":[{"id":2696,"href":"https:\/\/zaeune.ch\/fr\/wp-json\/wp\/v2\/pages\/2073\/revisions\/2696"}],"up":[{"embeddable":true,"href":"https:\/\/zaeune.ch\/fr\/wp-json\/wp\/v2\/pages\/2017"}],"wp:attachment":[{"href":"https:\/\/zaeune.ch\/fr\/wp-json\/wp\/v2\/media?parent=2073"}],"curies":[{"name":"wp","href":"https:\/\/api.w.org\/{rel}","templated":true}]}}