{"id":2070,"date":"2017-09-22T11:01:19","date_gmt":"2017-09-22T09:01:19","guid":{"rendered":"https:\/\/zaeune.ch\/?page_id=2070"},"modified":"2018-03-23T01:20:43","modified_gmt":"2018-03-22T23:20:43","slug":"terrain-de-sport","status":"publish","type":"page","link":"https:\/\/zaeune.ch\/fr\/produits\/terrain-de-sport\/","title":{"rendered":"Terrain de sport"},"content":{"rendered":"<h2 class=\"wysiwyg__h2\">Il faut prot\u00e9ger le vol des ballons de football, tennis, golf ou beachvolley. Nos \u00e9crans pare-ballon en grillage diagonal, en grilles rigides ou en filet synth\u00e9tique vous prot\u00e8gent de ballons mal vis\u00e9s.<\/h2>","protected":false},"excerpt":{"rendered":"<p>Il faut prot\u00e9ger le vol des ballons de football, tennis, golf ou beachvolley. Nos \u00e9crans pare-ballon en grillage diagonal, en grilles rigides ou en filet synth\u00e9tique vous prot\u00e8gent de ballons &#8230;<\/p>\n","protected":false},"author":1,"featured_media":0,"parent":2017,"menu_order":8,"comment_status":"open","ping_status":"closed","template":"templates\/detail.php","meta":{"_acf_changed":false,"footnotes":""},"class_list":["post-2070","page","type-page","status-publish","hentry"],"acf":[],"_links":{"self":[{"href":"https:\/\/zaeune.ch\/fr\/wp-json\/wp\/v2\/pages\/2070","targetHints":{"allow":["GET"]}}],"collection":[{"href":"https:\/\/zaeune.ch\/fr\/wp-json\/wp\/v2\/pages"}],"about":[{"href":"https:\/\/zaeune.ch\/fr\/wp-json\/wp\/v2\/types\/page"}],"author":[{"embeddable":true,"href":"https:\/\/zaeune.ch\/fr\/wp-json\/wp\/v2\/users\/1"}],"replies":[{"embeddable":true,"href":"https:\/\/zaeune.ch\/fr\/wp-json\/wp\/v2\/comments?post=2070"}],"version-history":[{"count":11,"href":"https:\/\/zaeune.ch\/fr\/wp-json\/wp\/v2\/pages\/2070\/revisions"}],"predecessor-version":[{"id":2681,"href":"https:\/\/zaeune.ch\/fr\/wp-json\/wp\/v2\/pages\/2070\/revisions\/2681"}],"up":[{"embeddable":true,"href":"https:\/\/zaeune.ch\/fr\/wp-json\/wp\/v2\/pages\/2017"}],"wp:attachment":[{"href":"https:\/\/zaeune.ch\/fr\/wp-json\/wp\/v2\/media?parent=2070"}],"curies":[{"name":"wp","href":"https:\/\/api.w.org\/{rel}","templated":true}]}}