{"id":2064,"date":"2017-09-22T11:00:05","date_gmt":"2017-09-22T09:00:05","guid":{"rendered":"https:\/\/zaeune.ch\/?page_id=2064"},"modified":"2017-11-24T12:56:22","modified_gmt":"2017-11-24T10:56:22","slug":"securite","status":"publish","type":"page","link":"https:\/\/zaeune.ch\/fr\/produits\/securite\/","title":{"rendered":"S\u00e9curit\u00e9"},"content":{"rendered":"<h2 class=\"wysiwyg__h2\">Haute s\u00e9curit\u00e9<\/h2> <p class=\"wysiwyg__par\"><a href=\"\/fr\/produits\/securite\/hochsicherheit\/\" class=\"wysiwyg__link\"><img loading=\"lazy\" decoding=\"async\" class=\"wysiwyg__image\" src=\"https:\/\/zaeune.ch\/app\/uploads\/2015\/05\/HoSi_det-Zaun_1.jpg\" alt=\"HoSi_det-Zaun_1\" width=\"650\" height=\"200\" \/><\/a><\/p> <h2 class=\"wysiwyg__h2\">Industrie<\/h2> <p class=\"wysiwyg__par\"><a href=\"\/fr\/produits\/securite\/industrie\/\" class=\"wysiwyg__link\"><img loading=\"lazy\" decoding=\"async\" class=\"wysiwyg__image\" src=\"https:\/\/zaeune.ch\/app\/uploads\/2015\/05\/Indu_LWL_1.jpg\" alt=\"Indu_LWL_1\" width=\"650\" height=\"200\" \/><\/a><\/p> <h2 class=\"wysiwyg__h2\">Priv\u00e9<\/h2> <p class=\"wysiwyg__par\"><a href=\"\/fr\/produits\/securite\/privat\/\" class=\"wysiwyg__link\"><img loading=\"lazy\" decoding=\"async\" class=\"wysiwyg__image\" src=\"https:\/\/zaeune.ch\/app\/uploads\/2015\/05\/PrSi_Zaun_1.jpg\" alt=\"PrSi_Zaun_1\" width=\"650\" height=\"200\" \/><\/a><\/p>","protected":false},"excerpt":{"rendered":"<p>Haute s\u00e9curit\u00e9 Industrie Priv\u00e9<\/p>\n","protected":false},"author":1,"featured_media":0,"parent":2017,"menu_order":6,"comment_status":"open","ping_status":"closed","template":"templates\/detail.php","meta":{"_acf_changed":false,"footnotes":""},"class_list":["post-2064","page","type-page","status-publish","hentry"],"acf":[],"_links":{"self":[{"href":"https:\/\/zaeune.ch\/fr\/wp-json\/wp\/v2\/pages\/2064","targetHints":{"allow":["GET"]}}],"collection":[{"href":"https:\/\/zaeune.ch\/fr\/wp-json\/wp\/v2\/pages"}],"about":[{"href":"https:\/\/zaeune.ch\/fr\/wp-json\/wp\/v2\/types\/page"}],"author":[{"embeddable":true,"href":"https:\/\/zaeune.ch\/fr\/wp-json\/wp\/v2\/users\/1"}],"replies":[{"embeddable":true,"href":"https:\/\/zaeune.ch\/fr\/wp-json\/wp\/v2\/comments?post=2064"}],"version-history":[{"count":9,"href":"https:\/\/zaeune.ch\/fr\/wp-json\/wp\/v2\/pages\/2064\/revisions"}],"predecessor-version":[{"id":2470,"href":"https:\/\/zaeune.ch\/fr\/wp-json\/wp\/v2\/pages\/2064\/revisions\/2470"}],"up":[{"embeddable":true,"href":"https:\/\/zaeune.ch\/fr\/wp-json\/wp\/v2\/pages\/2017"}],"wp:attachment":[{"href":"https:\/\/zaeune.ch\/fr\/wp-json\/wp\/v2\/media?parent=2064"}],"curies":[{"name":"wp","href":"https:\/\/api.w.org\/{rel}","templated":true}]}}