{"id":2061,"date":"2017-09-22T10:59:38","date_gmt":"2017-09-22T08:59:38","guid":{"rendered":"https:\/\/zaeune.ch\/?page_id=2061"},"modified":"2018-03-23T01:22:34","modified_gmt":"2018-03-22T23:22:34","slug":"metal","status":"publish","type":"page","link":"https:\/\/zaeune.ch\/fr\/produits\/metal\/","title":{"rendered":"M\u00e9tal"},"content":{"rendered":"<h2 class=\"wysiwyg__h2\">Pour votre maison contemporaine, choisissez une cl\u00f4ture m\u00e9tallique en grillage diagonal, en grilles rigides, en barreaudage ou balustrade avec des remplissages divers en ex\u00e9cution galvanis\u00e9e ou thermolaqu\u00e9e.<\/h2>","protected":false},"excerpt":{"rendered":"<p>Pour votre maison contemporaine, choisissez une cl\u00f4ture m\u00e9tallique en grillage diagonal, en grilles rigides, en barreaudage ou balustrade avec des remplissages divers en ex\u00e9cution galvanis\u00e9e ou thermolaqu\u00e9e.<\/p>\n","protected":false},"author":1,"featured_media":0,"parent":2017,"menu_order":5,"comment_status":"open","ping_status":"closed","template":"templates\/detail.php","meta":{"_acf_changed":false,"footnotes":""},"class_list":["post-2061","page","type-page","status-publish","hentry"],"acf":[],"_links":{"self":[{"href":"https:\/\/zaeune.ch\/fr\/wp-json\/wp\/v2\/pages\/2061","targetHints":{"allow":["GET"]}}],"collection":[{"href":"https:\/\/zaeune.ch\/fr\/wp-json\/wp\/v2\/pages"}],"about":[{"href":"https:\/\/zaeune.ch\/fr\/wp-json\/wp\/v2\/types\/page"}],"author":[{"embeddable":true,"href":"https:\/\/zaeune.ch\/fr\/wp-json\/wp\/v2\/users\/1"}],"replies":[{"embeddable":true,"href":"https:\/\/zaeune.ch\/fr\/wp-json\/wp\/v2\/comments?post=2061"}],"version-history":[{"count":12,"href":"https:\/\/zaeune.ch\/fr\/wp-json\/wp\/v2\/pages\/2061\/revisions"}],"predecessor-version":[{"id":2683,"href":"https:\/\/zaeune.ch\/fr\/wp-json\/wp\/v2\/pages\/2061\/revisions\/2683"}],"up":[{"embeddable":true,"href":"https:\/\/zaeune.ch\/fr\/wp-json\/wp\/v2\/pages\/2017"}],"wp:attachment":[{"href":"https:\/\/zaeune.ch\/fr\/wp-json\/wp\/v2\/media?parent=2061"}],"curies":[{"name":"wp","href":"https:\/\/api.w.org\/{rel}","templated":true}]}}