{"id":2053,"date":"2017-09-22T10:58:17","date_gmt":"2017-09-22T08:58:17","guid":{"rendered":"https:\/\/zaeune.ch\/?page_id=2053"},"modified":"2018-03-29T15:27:20","modified_gmt":"2018-03-29T13:27:20","slug":"synthetique-aluminium","status":"publish","type":"page","link":"https:\/\/zaeune.ch\/fr\/produits\/synthetique-aluminium\/","title":{"rendered":"Synth\u00e9tique &#038; aluminium"},"content":{"rendered":"<h2 class=\"wysiwyg__h2\">La cl\u00f4ture synth\u00e9tique est exempte de PVC et WPC. Elle dispose d\u2019une structure de bois naturelle et elle est enti\u00e8rement recyclable et r\u00e9sistante aux rayons UV. La cl\u00f4ture en aluminium est tr\u00e8s robuste et livrable avec un grand choix de couleurs.<\/h2>","protected":false},"excerpt":{"rendered":"<p>La cl\u00f4ture synth\u00e9tique est exempte de PVC et WPC. Elle dispose d\u2019une structure de bois naturelle et elle est enti\u00e8rement recyclable et r\u00e9sistante aux rayons UV. La cl\u00f4ture en aluminium &#8230;<\/p>\n","protected":false},"author":1,"featured_media":0,"parent":2017,"menu_order":2,"comment_status":"open","ping_status":"open","template":"templates\/detail.php","meta":{"_acf_changed":false,"footnotes":""},"class_list":["post-2053","page","type-page","status-publish","hentry"],"acf":[],"_links":{"self":[{"href":"https:\/\/zaeune.ch\/fr\/wp-json\/wp\/v2\/pages\/2053","targetHints":{"allow":["GET"]}}],"collection":[{"href":"https:\/\/zaeune.ch\/fr\/wp-json\/wp\/v2\/pages"}],"about":[{"href":"https:\/\/zaeune.ch\/fr\/wp-json\/wp\/v2\/types\/page"}],"author":[{"embeddable":true,"href":"https:\/\/zaeune.ch\/fr\/wp-json\/wp\/v2\/users\/1"}],"replies":[{"embeddable":true,"href":"https:\/\/zaeune.ch\/fr\/wp-json\/wp\/v2\/comments?post=2053"}],"version-history":[{"count":10,"href":"https:\/\/zaeune.ch\/fr\/wp-json\/wp\/v2\/pages\/2053\/revisions"}],"predecessor-version":[{"id":2886,"href":"https:\/\/zaeune.ch\/fr\/wp-json\/wp\/v2\/pages\/2053\/revisions\/2886"}],"up":[{"embeddable":true,"href":"https:\/\/zaeune.ch\/fr\/wp-json\/wp\/v2\/pages\/2017"}],"wp:attachment":[{"href":"https:\/\/zaeune.ch\/fr\/wp-json\/wp\/v2\/media?parent=2053"}],"curies":[{"name":"wp","href":"https:\/\/api.w.org\/{rel}","templated":true}]}}