{"id":2051,"date":"2016-09-24T09:04:13","date_gmt":"2016-09-24T07:04:13","guid":{"rendered":"https:\/\/zaeune.ch\/?page_id=2051"},"modified":"2018-03-23T01:26:35","modified_gmt":"2018-03-22T23:26:35","slug":"industrie","status":"publish","type":"page","link":"https:\/\/zaeune.ch\/fr\/produits\/industrie\/","title":{"rendered":"Industrie"},"content":{"rendered":"<h2 class=\"wysiwyg__h2\">Par notre longue exp\u00e9rience, nous vous proposons des solutions sur mesure de protections et cl\u00f4tures p\u00e9riph\u00e9riques ainsi que toutes syst\u00e8mes de contr\u00f4le d\u2019acc\u00e8s.<\/h2>","protected":false},"excerpt":{"rendered":"<p>Par notre longue exp\u00e9rience, nous vous proposons des solutions sur mesure de protections et cl\u00f4tures p\u00e9riph\u00e9riques ainsi que toutes syst\u00e8mes de contr\u00f4le d\u2019acc\u00e8s.<\/p>\n","protected":false},"author":1,"featured_media":0,"parent":2017,"menu_order":0,"comment_status":"closed","ping_status":"closed","template":"templates\/detail.php","meta":{"_acf_changed":false,"footnotes":""},"class_list":["post-2051","page","type-page","status-publish","hentry"],"acf":[],"_links":{"self":[{"href":"https:\/\/zaeune.ch\/fr\/wp-json\/wp\/v2\/pages\/2051","targetHints":{"allow":["GET"]}}],"collection":[{"href":"https:\/\/zaeune.ch\/fr\/wp-json\/wp\/v2\/pages"}],"about":[{"href":"https:\/\/zaeune.ch\/fr\/wp-json\/wp\/v2\/types\/page"}],"author":[{"embeddable":true,"href":"https:\/\/zaeune.ch\/fr\/wp-json\/wp\/v2\/users\/1"}],"replies":[{"embeddable":true,"href":"https:\/\/zaeune.ch\/fr\/wp-json\/wp\/v2\/comments?post=2051"}],"version-history":[{"count":15,"href":"https:\/\/zaeune.ch\/fr\/wp-json\/wp\/v2\/pages\/2051\/revisions"}],"predecessor-version":[{"id":2689,"href":"https:\/\/zaeune.ch\/fr\/wp-json\/wp\/v2\/pages\/2051\/revisions\/2689"}],"up":[{"embeddable":true,"href":"https:\/\/zaeune.ch\/fr\/wp-json\/wp\/v2\/pages\/2017"}],"wp:attachment":[{"href":"https:\/\/zaeune.ch\/fr\/wp-json\/wp\/v2\/media?parent=2051"}],"curies":[{"name":"wp","href":"https:\/\/api.w.org\/{rel}","templated":true}]}}