{"id":2048,"date":"2015-05-20T14:45:15","date_gmt":"2015-05-20T12:45:15","guid":{"rendered":"https:\/\/zaeune.ch\/?page_id=2048"},"modified":"2018-03-23T12:15:57","modified_gmt":"2018-03-23T10:15:57","slug":"bois","status":"publish","type":"page","link":"https:\/\/zaeune.ch\/fr\/produits\/bois\/","title":{"rendered":"Bois"},"content":{"rendered":"<h2 class=\"wysiwyg__h2\">Les cl\u00f4tures en bois sont fabriqu\u00e9es dans notre usine \u00e0 Lohn-Ammansegg (SO). Nous garantissons une qualit\u00e9 \u00e9lev\u00e9e par la fabrication dans nos propres ateliers, ainsi que l\u2019impr\u00e9gnation sous pression, un m\u00e9tier que nous pratiquons depuis des d\u00e9cennies. Ces \u00e9l\u00e9ments \u2018Swiss made\u2019 sont fabriqu\u00e9s dans divers hauteurs et longueurs.<\/h2>","protected":false},"excerpt":{"rendered":"<p>Les cl\u00f4tures en bois sont fabriqu\u00e9es dans notre usine \u00e0 Lohn-Ammansegg (SO). Nous garantissons une qualit\u00e9 \u00e9lev\u00e9e par la fabrication dans nos propres ateliers, ainsi que l\u2019impr\u00e9gnation sous pression, un &#8230;<\/p>\n","protected":false},"author":1,"featured_media":0,"parent":2017,"menu_order":0,"comment_status":"open","ping_status":"open","template":"templates\/detail.php","meta":{"_acf_changed":false,"footnotes":""},"class_list":["post-2048","page","type-page","status-publish","hentry"],"acf":[],"_links":{"self":[{"href":"https:\/\/zaeune.ch\/fr\/wp-json\/wp\/v2\/pages\/2048","targetHints":{"allow":["GET"]}}],"collection":[{"href":"https:\/\/zaeune.ch\/fr\/wp-json\/wp\/v2\/pages"}],"about":[{"href":"https:\/\/zaeune.ch\/fr\/wp-json\/wp\/v2\/types\/page"}],"author":[{"embeddable":true,"href":"https:\/\/zaeune.ch\/fr\/wp-json\/wp\/v2\/users\/1"}],"replies":[{"embeddable":true,"href":"https:\/\/zaeune.ch\/fr\/wp-json\/wp\/v2\/comments?post=2048"}],"version-history":[{"count":22,"href":"https:\/\/zaeune.ch\/fr\/wp-json\/wp\/v2\/pages\/2048\/revisions"}],"predecessor-version":[{"id":2710,"href":"https:\/\/zaeune.ch\/fr\/wp-json\/wp\/v2\/pages\/2048\/revisions\/2710"}],"up":[{"embeddable":true,"href":"https:\/\/zaeune.ch\/fr\/wp-json\/wp\/v2\/pages\/2017"}],"wp:attachment":[{"href":"https:\/\/zaeune.ch\/fr\/wp-json\/wp\/v2\/media?parent=2048"}],"curies":[{"name":"wp","href":"https:\/\/api.w.org\/{rel}","templated":true}]}}