{"id":2015,"date":"2017-09-22T10:15:09","date_gmt":"2017-09-22T08:15:09","guid":{"rendered":"https:\/\/zaeune.ch\/?page_id=2015"},"modified":"2017-09-22T14:21:46","modified_gmt":"2017-09-22T12:21:46","slug":"services","status":"publish","type":"page","link":"https:\/\/zaeune.ch\/fr\/services\/","title":{"rendered":"Services"},"content":{"rendered":"<h2 class=\"wysiwyg__h2\">Die St\u00e4rken der Wyss Z\u00e4une AG liegen in der pers\u00f6nlichen Beratung sowohl am Telefon als auch beim Kunden vor Ort, in der qualitativ hochstehenden Montagearbeit unserer Zaunmonteure sowie im hohen Fertigungsstand unserer Produkte.<\/h2> <p class=\"wysiwyg__par\">Wir legen sehr grossen Wert auf eine kompetente und freundliche Beratung. Deshalb durchlaufen alle unsere neuen Beratungsmitarbeiter eine interne Produkteschulung. In unserer Schlosserei und in der Holzfabrikation lernen sie, wie unsere Produkte hergestellt werden. Anschliessend begleiten sie unsere Montagegruppen \u00fcber mehrere Eins\u00e4tze und erfahren so die M\u00f6glichkeiten und Grenzen bei der Zaunmontage. Innen- und Aussendienstmitarbeiter werden j\u00e4hrlich in einer Weiterbildung auf den neuesten Stand gebracht. Je nach Fachgebiet unseres Beraters kann er Sie in Zaunfragen, technischen L\u00f6sungen oder Sicherheitsobjekten unterst\u00fctzen.<br \/> Unsere Montageequipen bestehen in der Regel aus zwei bis drei Monteuren. Bis ein Monteur zum Montagechef aufsteigt, wird er \u00fcber mehrere Jahre von erfahrenen Monteuren in das Zaunhandwerk eingef\u00fchrt. In regelm\u00e4ssigen Montage- und Sicherheitsschulungen wird das Fachwissen unserer Monteure aufgefrischt, werden Erfahrungen ausgetauscht und Neuerungen weitergegeben. Dadurch wird eine hohe Montagequalit\u00e4t gew\u00e4hrleistet.<br \/> Neben der Montage unserer Produkte, k\u00f6nnen unsere Kunden das Zaunmaterial auch zur Selbstmontage abholen oder wir lassen es mit einem Transportunternehmen nach Hause liefern. An unserem Hauptstandort in Lohn-Ammannsegg f\u00fchren wir viele Produkte an Lager, die meisten k\u00f6nnen in unserem Showroom besichtigt werden.<\/p> <p class=\"wysiwyg__par\">&nbsp;<\/p>","protected":false},"excerpt":{"rendered":"<p>Die St\u00e4rken der Wyss Z\u00e4une AG liegen in der pers\u00f6nlichen Beratung sowohl am Telefon als auch beim Kunden vor Ort, in der qualitativ hochstehenden Montagearbeit unserer Zaunmonteure sowie im hohen &#8230;<\/p>\n","protected":false},"author":1,"featured_media":4984,"parent":0,"menu_order":0,"comment_status":"open","ping_status":"closed","template":"templates\/detail.php","meta":{"_acf_changed":false,"footnotes":""},"class_list":["post-2015","page","type-page","status-publish","has-post-thumbnail","hentry"],"acf":[],"_links":{"self":[{"href":"https:\/\/zaeune.ch\/fr\/wp-json\/wp\/v2\/pages\/2015","targetHints":{"allow":["GET"]}}],"collection":[{"href":"https:\/\/zaeune.ch\/fr\/wp-json\/wp\/v2\/pages"}],"about":[{"href":"https:\/\/zaeune.ch\/fr\/wp-json\/wp\/v2\/types\/page"}],"author":[{"embeddable":true,"href":"https:\/\/zaeune.ch\/fr\/wp-json\/wp\/v2\/users\/1"}],"replies":[{"embeddable":true,"href":"https:\/\/zaeune.ch\/fr\/wp-json\/wp\/v2\/comments?post=2015"}],"version-history":[{"count":3,"href":"https:\/\/zaeune.ch\/fr\/wp-json\/wp\/v2\/pages\/2015\/revisions"}],"predecessor-version":[{"id":2165,"href":"https:\/\/zaeune.ch\/fr\/wp-json\/wp\/v2\/pages\/2015\/revisions\/2165"}],"wp:featuredmedia":[{"embeddable":true,"href":"https:\/\/zaeune.ch\/fr\/wp-json\/wp\/v2\/media\/4984"}],"wp:attachment":[{"href":"https:\/\/zaeune.ch\/fr\/wp-json\/wp\/v2\/media?parent=2015"}],"curies":[{"name":"wp","href":"https:\/\/api.w.org\/{rel}","templated":true}]}}